{"id":1716,"date":"2021-07-01T14:04:15","date_gmt":"2021-07-01T14:04:15","guid":{"rendered":"https:\/\/hotel.kolping.ro\/?page_id=1716"},"modified":"2025-04-07T10:11:00","modified_gmt":"2025-04-07T10:11:00","slug":"angajam","status":"publish","type":"page","link":"https:\/\/hotel.kolping.ro\/en\/angajam\/","title":{"rendered":"Angajam!"},"content":{"rendered":"<p>Hotelul Kolping invit\u0103 persoanele interesate s\u0103 aplice pentru posturile de: Camerist\u0103, Buc\u0103tar, Osp\u0103tar \u0219i Recep\u021bioner.<\/p>\n<p>Dac\u0103 \u00ee\u021bi dore\u0219ti s\u0103 faci parte dintr-o echip\u0103 dinamic\u0103, dedicat\u0103, care ofer\u0103 cele mai bune servicii clien\u021bilor s\u0103i \u0219i \u00ee\u021bi dore\u0219ti s\u0103 contribui la succesul unui hotel de top, te invit\u0103m s\u0103 aplici.<\/p>\n<div dir=\"auto\">Cerin\u021be generale:<\/div>\n<div dir=\"auto\">\u2022 Experien\u021b\u0103 \u00een domeniul respectiv 6 luni (preferabil, dar nu obligatoriu);<\/div>\n<div dir=\"auto\">\u2022 Abilit\u0103\u021bi excelente de comunicare \u0219i rela\u021bionare cu clien\u021bii;<\/div>\n<div dir=\"auto\">\u2022 Punctualitate, responsabilitate \u0219i aten\u021bie la detalii;<\/div>\n<div dir=\"auto\">\u2022 Dorin\u021ba de a \u00eenv\u0103\u021ba \u0219i de a te dezvolta \u00eentr-un mediu profesional.<\/div>\n<div dir=\"auto\"><\/div>\n<div dir=\"auto\">\n<p>Pentru a aplica, te rug\u0103m s\u0103 trimiti CV-ul t\u0103u actualizat la adresa de email <b><a class=\"moz-txt-link-abbreviated\" href=\"mailto:events@kolping.ro\">events@kolping.ro<\/a><\/b> .<\/p>\n<\/div>\n<h3>Al\u0103tur\u0103-te echipei noastre \u0219i contribui la crearea unei experien\u021be de neuitat pentru oaspe\u021bii no\u0219tri!<\/h3>","protected":false},"excerpt":{"rendered":"<p>Hotelul Kolping invit\u0103 persoanele interesate s\u0103 aplice pentru posturile de: Camerist\u0103, Buc\u0103tar, Osp\u0103tar \u0219i Recep\u021bioner. Dac\u0103 \u00ee\u021bi dore\u0219ti s\u0103 faci parte dintr-o echip\u0103 dinamic\u0103, dedicat\u0103, care ofer\u0103 cele mai bune servicii clien\u021bilor s\u0103i \u0219i \u00ee\u021bi dore\u0219ti s\u0103 contribui la succesul unui hotel de top, te invit\u0103m s\u0103 aplici. Cerin\u021be generale: \u2022 Experien\u021b\u0103 \u00een domeniul respectiv [&hellip;]<\/p>","protected":false},"author":1,"featured_media":0,"parent":0,"menu_order":0,"comment_status":"closed","ping_status":"closed","template":"","meta":{"footnotes":""},"_links":{"self":[{"href":"https:\/\/hotel.kolping.ro\/en\/wp-json\/wp\/v2\/pages\/1716"}],"collection":[{"href":"https:\/\/hotel.kolping.ro\/en\/wp-json\/wp\/v2\/pages"}],"about":[{"href":"https:\/\/hotel.kolping.ro\/en\/wp-json\/wp\/v2\/types\/page"}],"author":[{"embeddable":true,"href":"https:\/\/hotel.kolping.ro\/en\/wp-json\/wp\/v2\/users\/1"}],"replies":[{"embeddable":true,"href":"https:\/\/hotel.kolping.ro\/en\/wp-json\/wp\/v2\/comments?post=1716"}],"version-history":[{"count":6,"href":"https:\/\/hotel.kolping.ro\/en\/wp-json\/wp\/v2\/pages\/1716\/revisions"}],"predecessor-version":[{"id":2021,"href":"https:\/\/hotel.kolping.ro\/en\/wp-json\/wp\/v2\/pages\/1716\/revisions\/2021"}],"wp:attachment":[{"href":"https:\/\/hotel.kolping.ro\/en\/wp-json\/wp\/v2\/media?parent=1716"}],"curies":[{"name":"wp","href":"https:\/\/api.w.org\/{rel}","templated":true}]}}