{"id":1201,"date":"2019-04-16T08:15:12","date_gmt":"2019-04-16T08:15:12","guid":{"rendered":"https:\/\/hotel.kolping.ro\/?page_id=1201"},"modified":"2025-10-14T17:18:39","modified_gmt":"2025-10-14T17:18:39","slug":"termeni-si-conditii","status":"publish","type":"page","link":"http:\/\/hotel.kolping.ro\/en\/termeni-si-conditii\/","title":{"rendered":"Terms and conditions"},"content":{"rendered":"<p><strong>We thank you for using our website!<br \/>\nThis website is managed by SC KOLPING CONCEPT SRL<\/strong><\/p>\n<p><strong>\u00a0<\/strong><\/p>\n<p><strong>Definitions<\/strong><\/p>\n<p><strong>Check- in and check- out: <\/strong>the reservation begins at 14.00 and ends the second day at 12.00.<\/p>\n<p><strong>Accommodation: <\/strong>cazarea fiecarei persoane se face prin completarea fisei de cazare pe baza actului de identitate. Conform legislatiei in vigoare completarea fisei este obligatorie pentru toti adultii cazati. Copii sub 5 ani au gratuitate dac\u0103 dorm \u00een pat cu parin\u021bii. Patul suplimentar costa 80 lei \/ persoan\u0103. La acest tarif se adaug\u0103 tariful pentru micul dejun: 0-5 ani &#8211; gratuit; 5-10 ani &#8211; 20 lei; 10-14 ani &#8211; 25 lei; peste 14 ani &#8211; 35 lei.<\/p>\n<p><strong>Reservation: <\/strong>fill in online the form or contact the reservation service by phone: 0040-(0)268-413.529, 0040-(0)368-430.260, 0040-(0)748-013.598 or email: <a href=\"mailto:kolpingcenter@kolping.ro\">kolpingcenter@kolping.ro<\/a><\/p>\n<p><strong>Cancelling the reservation<\/strong>: orice anulare de rezervare se va face contactand serviciul Rezervari. Nu se vor aplica penalizari daca anularea rezervarii (rezervare de pana la 5 camere) se va face cu cel putin 48 ore inainte. Penalizarea reprezinta contravaloarea primei nopti de cazare.<\/p>\n<p>If it is the case of a reservation for 5 or more rooms, then its cancelling is made with at least 5 days before the arrival date. For group reservations (minimum 10 rooms), we ask you to contact the Reservation service.<\/p>\n<p><strong>Fees: <\/strong>they differ depending on the type of room chosen and the number of persons. At certain times of the year the rates may increase. We cannot be held responsible for the tariffs displayed in online environment, on various platforms. The rates displayed in the booking module are valid only for card payment.<\/p>\n<p><strong>Payment methods: <\/strong>we accept cash payment (in lei\/RON), card (Visa, Mastercard, Maestro), holiday vouchers (Edenred, Sodexo, UP Romania) and bank transfer (RON \/ EURO). Reservations made through the online booking module can be charged in advance.<\/p>\n<p>Orice erori \u015fi gre\u015feli (inclusiv tip\u0103rire gre\u015fit\u0103) nu sunt executorii. Toate ofertele speciale \u015fi promo\u0163iile sunt marcate ca atare. Dac\u0103 nu sunt marcate ca tare, nu pute\u021bi ob\u021bine niciun drept \u00een eventualitatea unor erori sau gre\u0219eli evidente.<\/p>\n<p><strong>Activity schedule for restaurant and bar: <\/strong>breakfast is served between 07:00 and 10:00 a.m from Monday to Friday and between 8:00 - 11:00 a.m. during the weekend. The restaurant is opened Monday to Saturday until 22:00.<\/p>\n<p><strong>Smoking: <\/strong>in cadrul hotelului nu exista camere destinate fumatorilor, dar exista locuri special amenajate unde se fumeaza.<\/p>\n<p><strong>Safety: <\/strong>the hotel and public spaces are monitored by video system. We are not liable for the objects forgotten, lost or supposed stolen from the premises, conference rooms, restaurants and bar.<\/p>\n<p><strong>Parking lot: <\/strong>our hotel has video surveillance parking. Spaces  are limited. No reservations can be made in advance for parking spaces.<\/p>\n<p><strong>Pets: <\/strong>the hotel accommodation for the persons that have pets and\/ or birds is not allowed.<\/p>\n<p><strong>Environment protection: <\/strong>represents a permanent concern. The bed sheets and the towels are changed once a 3, respectively 2 accommodation days or at client\u2019s request.<\/p>\n<p><strong>Responsibilities: <\/strong>the client is liable to the hotel for the damages caused to other clients or hotel\u2019s staff, premises, furniture and installations if the respective error\/ intent can be imputed to them. The liability of the hotel is not extended to the vehicles or their loading.<\/p>\n<p><strong data-start=\"15\" data-end=\"29\">Disclaimer:<\/strong> descrierile \u0219i expresiile utilizate pe acest site au scop pur informativ \u0219i reflect\u0103 percep\u021bia general\u0103 asupra serviciilor oferite. Formul\u0103rile privind confortul, atmosfera sau calitatea sunt de natur\u0103 subiectiv\u0103 \u0219i pot fi interpretate diferit de fiecare vizitator. SC KOLPING CONCEPT SRL depune eforturi permanente pentru acurate\u021bea informa\u021biilor, \u00eens\u0103 nu garanteaz\u0103 c\u0103 toate elementele de prezentare descriu \u00een totalitate experien\u021ba individual\u0103 a fiec\u0103rui client.<\/p>\n<div class=\"brz-root__container\"><\/div>","protected":false},"excerpt":{"rendered":"<p>Va multumim pentru accesarea site-ului nostru! Acest site este operat de SC KOLPING CONCEPT SRL \u00a0 Definitii Sosire si plecare: ziua hoteliera incepe la ora 14.00 si se incheie a doua zi la ora 12.00. Cazare: cazarea fiecarei persoane se face prin completarea fisei de cazare pe baza actului de identitate. Conform legislatiei in vigoare [&hellip;]<\/p>","protected":false},"author":1,"featured_media":0,"parent":0,"menu_order":0,"comment_status":"closed","ping_status":"closed","template":"","meta":{"footnotes":""},"_links":{"self":[{"href":"http:\/\/hotel.kolping.ro\/en\/wp-json\/wp\/v2\/pages\/1201"}],"collection":[{"href":"http:\/\/hotel.kolping.ro\/en\/wp-json\/wp\/v2\/pages"}],"about":[{"href":"http:\/\/hotel.kolping.ro\/en\/wp-json\/wp\/v2\/types\/page"}],"author":[{"embeddable":true,"href":"http:\/\/hotel.kolping.ro\/en\/wp-json\/wp\/v2\/users\/1"}],"replies":[{"embeddable":true,"href":"http:\/\/hotel.kolping.ro\/en\/wp-json\/wp\/v2\/comments?post=1201"}],"version-history":[{"count":13,"href":"http:\/\/hotel.kolping.ro\/en\/wp-json\/wp\/v2\/pages\/1201\/revisions"}],"predecessor-version":[{"id":2025,"href":"http:\/\/hotel.kolping.ro\/en\/wp-json\/wp\/v2\/pages\/1201\/revisions\/2025"}],"wp:attachment":[{"href":"http:\/\/hotel.kolping.ro\/en\/wp-json\/wp\/v2\/media?parent=1201"}],"curies":[{"name":"wp","href":"https:\/\/api.w.org\/{rel}","templated":true}]}}